{"id":226,"date":"2024-10-30T19:36:21","date_gmt":"2024-10-30T18:36:21","guid":{"rendered":"https:\/\/www2.evo-tech.ch\/?page_id=226"},"modified":"2024-10-30T19:39:09","modified_gmt":"2024-10-30T18:39:09","slug":"impressum","status":"publish","type":"page","link":"https:\/\/www.evo-tech.ch\/?page_id=226","title":{"rendered":"Impressum"},"content":{"rendered":"\t\t<div data-elementor-type=\"wp-page\" data-elementor-id=\"226\" class=\"elementor elementor-226\">\n\t\t\t\t<div class=\"elementor-element elementor-element-18d840d e-flex e-con-boxed e-con e-parent\" data-id=\"18d840d\" data-element_type=\"container\" data-e-type=\"container\">\n\t\t\t\t\t<div class=\"e-con-inner\">\n\t\t\t\t<div class=\"elementor-element elementor-element-f92ac19 elementor-widget elementor-widget-text-editor\" data-id=\"f92ac19\" data-element_type=\"widget\" data-e-type=\"widget\" data-widget_type=\"text-editor.default\">\n\t\t\t\t<div class=\"elementor-widget-container\">\n\t\t\t\t\t\t\t\t\t<p><b>Verantwortliche Instanz:<\/b><br \/>evo-tech GmbH<br \/>Hohliebiweg 4<br \/>3297 Leuzigen<br \/>Schweiz<br \/><strong>E-Mail<\/strong>: info@evo-tech.ch<br \/><br \/><strong>Vertretungsberechtigte Personen<\/strong><br \/>Christoph Flury<br \/><br \/><strong>Name des Unternehmens<\/strong>: evo-tech GmbH<br \/><strong>Registrationsnummer<\/strong>: CHE-105.318.875<br \/><strong>Umsatzsteuer-Identifikationsnummer<\/strong>: CHE-105.318.875 MWST<\/p><p>Handelsregisteramt des Kanton Bern<\/p><p><br \/><strong>Haftungsausschluss<\/strong><br \/>Der Autor \u00fcbernimmt keine Gew\u00e4hr f\u00fcr die Richtigkeit, Genauigkeit, Aktualit\u00e4t, Zuverl\u00e4ssigkeit und Vollst\u00e4ndigkeit der Informationen.<br \/>Haftungsanspr\u00fcche gegen den Autor wegen Sch\u00e4den materieller oder immaterieller Art, die aus dem Zugriff oder der Nutzung bzw. Nichtnutzung der ver\u00f6ffentlichten Informationen, durch Missbrauch der Verbindung oder durch technische St\u00f6rungen entstanden sind, werden ausgeschlossen.<br \/><br \/><strong>Urheberrechtserkl\u00e4rung<\/strong><br \/>Die Urheber- und alle anderen Rechte an Inhalten, Bildern, Fotos oder anderen Dateien auf dieser Website, geh\u00f6ren ausschliesslich evo-tech GmbH oder den speziell genannten Rechteinhabern. F\u00fcr die Reproduktion jeglicher Elemente ist die schriftliche Zustimmung des Urheberrechtstr\u00e4gers im Voraus einzuholen.<\/p>\t\t\t\t\t\t\t\t<\/div>\n\t\t\t\t<\/div>\n\t\t\t\t\t<\/div>\n\t\t\t\t<\/div>\n\t\t\t\t<\/div>\n\t\t","protected":false},"excerpt":{"rendered":"<p>Verantwortliche Instanz:evo-tech GmbHHohliebiweg 43297 LeuzigenSchweizE-Mail: info@evo-tech.ch Vertretungsberechtigte PersonenChristoph Flury Name des Unternehmens: evo-tech GmbHRegistrationsnummer: CHE-105.318.875Umsatzsteuer-Identifikationsnummer: CHE-105.318.875 MWST Handelsregisteramt des Kanton Bern HaftungsausschlussDer Autor \u00fcbernimmt keine Gew\u00e4hr f\u00fcr die Richtigkeit, Genauigkeit, Aktualit\u00e4t, Zuverl\u00e4ssigkeit und Vollst\u00e4ndigkeit der Informationen.Haftungsanspr\u00fcche gegen den Autor wegen Sch\u00e4den materieller oder immaterieller Art, die aus dem Zugriff oder der Nutzung bzw. Nichtnutzung der [&hellip;]<\/p>\n","protected":false},"author":2,"featured_media":0,"parent":0,"menu_order":0,"comment_status":"closed","ping_status":"closed","template":"","meta":{"footnotes":""},"class_list":["post-226","page","type-page","status-publish","hentry"],"jetpack_sharing_enabled":true,"_links":{"self":[{"href":"https:\/\/www.evo-tech.ch\/index.php?rest_route=\/wp\/v2\/pages\/226","targetHints":{"allow":["GET"]}}],"collection":[{"href":"https:\/\/www.evo-tech.ch\/index.php?rest_route=\/wp\/v2\/pages"}],"about":[{"href":"https:\/\/www.evo-tech.ch\/index.php?rest_route=\/wp\/v2\/types\/page"}],"author":[{"embeddable":true,"href":"https:\/\/www.evo-tech.ch\/index.php?rest_route=\/wp\/v2\/users\/2"}],"replies":[{"embeddable":true,"href":"https:\/\/www.evo-tech.ch\/index.php?rest_route=%2Fwp%2Fv2%2Fcomments&post=226"}],"version-history":[{"count":4,"href":"https:\/\/www.evo-tech.ch\/index.php?rest_route=\/wp\/v2\/pages\/226\/revisions"}],"predecessor-version":[{"id":230,"href":"https:\/\/www.evo-tech.ch\/index.php?rest_route=\/wp\/v2\/pages\/226\/revisions\/230"}],"wp:attachment":[{"href":"https:\/\/www.evo-tech.ch\/index.php?rest_route=%2Fwp%2Fv2%2Fmedia&parent=226"}],"curies":[{"name":"wp","href":"https:\/\/api.w.org\/{rel}","templated":true}]}}